{"id":46,"date":"2021-09-27T08:40:35","date_gmt":"2021-09-27T08:40:35","guid":{"rendered":"https:\/\/ikjb.co.rs\/vp10\/?page_id=46"},"modified":"2022-09-13T12:17:09","modified_gmt":"2022-09-13T12:17:09","slug":"stanovi","status":"publish","type":"page","link":"https:\/\/ikjb.co.rs\/vp10\/stanovi\/","title":{"rendered":"Stanovi"},"content":{"rendered":"<p>[et_pb_section fb_built=&#8221;1&#8221; fullwidth=&#8221;on&#8221; next_background_color=&#8221;#ffffff&#8221; _builder_version=&#8221;4.16&#8221; _module_preset=&#8221;default&#8221; use_background_color_gradient=&#8221;on&#8221; background_color_gradient_direction=&#8221;150deg&#8221; background_color_gradient_stops=&#8221;#ffffff 0%|rgba(255,255,255,0.3) 75%&#8221; background_color_gradient_overlays_image=&#8221;on&#8221; background_color_gradient_start=&#8221;#ffffff&#8221; background_color_gradient_end=&#8221;rgba(255,255,255,0.3)&#8221; background_color_gradient_end_position=&#8221;75%&#8221; background_image=&#8221;https:\/\/ikjb.co.rs\/vp10\/wp-content\/uploads\/2022\/02\/fasada-03.jpg&#8221; custom_padding=&#8221;5vh||50px||false|false&#8221; bottom_divider_style=&#8221;asymmetric3&#8221; bottom_divider_flip=&#8221;horizontal&#8221; background_last_edited=&#8221;on|phone&#8221; use_background_color_gradient_phone=&#8221;on&#8221; background_color_gradient_direction_phone=&#8221;125deg&#8221; background_color_gradient_stops_phone=&#8221;#ffffff 0%|rgba(255,255,255,0.3) 75%&#8221; background_color_gradient_end_phone=&#8221;rgba(255,255,255,0.3)&#8221; da_disable_devices=&#8221;off|off|off&#8221; locked=&#8221;off&#8221; global_colors_info=&#8221;{}&#8221; background__hover_enabled=&#8221;on|desktop&#8221; da_is_popup=&#8221;off&#8221; da_exit_intent=&#8221;off&#8221; da_has_close=&#8221;on&#8221; da_alt_close=&#8221;off&#8221; da_dark_close=&#8221;off&#8221; da_not_modal=&#8221;on&#8221; da_is_singular=&#8221;off&#8221; da_with_loader=&#8221;off&#8221; da_has_shadow=&#8221;on&#8221;][et_pb_fullwidth_header title=&#8221;Stanovi&#8221; content_max_width=&#8221;55%&#8221; content_max_width_tablet=&#8221;60%&#8221; content_max_width_phone=&#8221;100%&#8221; content_max_width_last_edited=&#8221;on|phone&#8221; _builder_version=&#8221;4.16&#8221; _module_preset=&#8221;default&#8221; title_font=&#8221;|700|||||||&#8221; title_text_align=&#8221;left&#8221; title_text_color=&#8221;#143c50&#8221; title_font_size=&#8221;64px&#8221; content_font=&#8221;Playfair Display||||||||&#8221; content_text_align=&#8221;left&#8221; content_text_color=&#8221;#143c50&#8221; content_font_size=&#8221;36px&#8221; content_line_height=&#8221;1.4em&#8221; background_enable_color=&#8221;off&#8221; background_image=&#8221;https:\/\/ikjb.co.rs\/vp10\/wp-content\/uploads\/2021\/09\/stanovi-divider.png&#8221; background_size=&#8221;contain&#8221; background_position=&#8221;bottom_center&#8221; custom_button_one=&#8221;on&#8221; button_one_text_size=&#8221;22px&#8221; button_one_text_color=&#8221;#143c50&#8221; button_one_bg_color=&#8221;rgba(255,255,255,0)&#8221; button_one_border_width=&#8221;1px&#8221; button_one_border_color=&#8221;#143c50&#8221; button_one_border_radius=&#8221;0px&#8221; button_one_font=&#8221;Playfair Display|700||on|||||&#8221; z_index=&#8221;999&#8221; custom_padding=&#8221;||12vh||false|false&#8221; title_font_size_tablet=&#8221;52px&#8221; title_font_size_phone=&#8221;32px&#8221; title_font_size_last_edited=&#8221;on|phone&#8221; content_font_size_tablet=&#8221;28px&#8221; content_font_size_phone=&#8221;22px&#8221; content_font_size_last_edited=&#8221;on|phone&#8221; button_one_text_size_tablet=&#8221;&#8221; button_one_text_size_phone=&#8221;18px&#8221; button_one_text_size_last_edited=&#8221;on|phone&#8221; global_colors_info=&#8221;{}&#8221;]<\/p>\n<p><span>Vrhunski kvalitet prilago\u0111en va\u0161im potrebama. Pogledajte na\u0161u kompletnu ponudu.<\/span><\/p>\n<p>[\/et_pb_fullwidth_header][\/et_pb_section][et_pb_section fb_built=&#8221;1&#8221; _builder_version=&#8221;4.16&#8221; _module_preset=&#8221;default&#8221; da_disable_devices=&#8221;off|off|off&#8221; global_colors_info=&#8221;{}&#8221; da_is_popup=&#8221;off&#8221; da_exit_intent=&#8221;off&#8221; da_has_close=&#8221;on&#8221; da_alt_close=&#8221;off&#8221; da_dark_close=&#8221;off&#8221; da_not_modal=&#8221;on&#8221; da_is_singular=&#8221;off&#8221; da_with_loader=&#8221;off&#8221; da_has_shadow=&#8221;on&#8221;][et_pb_row _builder_version=&#8221;4.16&#8221; _module_preset=&#8221;default&#8221; custom_padding=&#8221;||0px||false|false&#8221; locked=&#8221;off&#8221; global_colors_info=&#8221;{}&#8221;][et_pb_column type=&#8221;4_4&#8221; _builder_version=&#8221;4.16&#8221; _module_preset=&#8221;default&#8221; global_colors_info=&#8221;{}&#8221;][et_pb_text _builder_version=&#8221;4.16&#8221; _module_preset=&#8221;default&#8221; text_font=&#8221;Metro-book||||||||&#8221; text_font_size=&#8221;18px&#8221; width_tablet=&#8221;100%&#8221; width_phone=&#8221;100%&#8221; width_last_edited=&#8221;on|tablet&#8221; locked=&#8221;off&#8221; global_colors_info=&#8221;{}&#8221;]<\/p>\n<p style=\"text-align: center;\">Novogradnja u Beogradu uklju\u010duje ponudu jednosobnih, dvosobnih i trosobnih stanova, na jednoj od najlep\u0161ih lokacija koje Lekino brdo nudi izme\u0111u Vra\u010dara i Vo\u017edovca, a na svega nekoliko minuta udaljenosti od Ju\u017enog bulevara. Svaki stan u izgradnji je vrhunskog kvaliteta, a kori\u0161\u0107eni materijali i tehnologije su najvi\u0161eg standarda. Na mirnoj i atraktivnoj lokaciji u blizini brojnih prodavnica i gradskih znamenitosti, stanovi u izgradnji u VP10 objektu predstavljaju novi koncept savremenog na\u010dina \u017eivota.<\/p>\n<p style=\"text-align: center;\">Sve karakteristike lokacije i stanova nude brojne pogodnosti za budu\u0107e stanare, a eksluzivni zastupnik prodaje stanova u izgradnji u VP10 objektu u Beogradu je CBRE do.o.o.<\/p>\n<p style=\"text-align: center;\"><strong>Pogledajte raspored i kvadraturu stanova.<\/strong><\/p>\n<p>[\/et_pb_text][et_pb_divider divider_weight=&#8221;2px&#8221; _builder_version=&#8221;4.16&#8221; _module_preset=&#8221;default&#8221; max_width=&#8221;200px&#8221; module_alignment=&#8221;center&#8221; custom_margin=&#8221;||0px||false|false&#8221; locked=&#8221;off&#8221; global_colors_info=&#8221;{}&#8221;][\/et_pb_divider][\/et_pb_column][\/et_pb_row][et_pb_row column_structure=&#8221;1_4,1_4,1_4,1_4&#8221; use_custom_gutter=&#8221;on&#8221; gutter_width=&#8221;2&#8221; _builder_version=&#8221;4.18.0&#8221; _module_preset=&#8221;default&#8221; width=&#8221;90%&#8221; max_width=&#8221;2560px&#8221; global_colors_info=&#8221;{}&#8221;][et_pb_column type=&#8221;1_4&#8221; _builder_version=&#8221;4.16&#8221; _module_preset=&#8221;default&#8221; global_colors_info=&#8221;{}&#8221;][dnxte_blurb dnxt_image=&#8221;https:\/\/ikjb.co.rs\/vp10\/wp-content\/uploads\/2021\/11\/jednosobni.jpg&#8221; dnxt_alt=&#8221;jednosobni&#8221; dnxt_button_margin=&#8221;20px||20px||true|false&#8221; dnxt_btn_show_hide=&#8221;on&#8221; button_text=&#8221;Jednosobni&#8221; button_link=&#8221;@ET-DC@eyJkeW5hbWljIjp0cnVlLCJjb250ZW50IjoicG9zdF9saW5rX3VybF9wYWdlIiwic2V0dGluZ3MiOnsicG9zdF9pZCI6IjE5MyJ9fQ==@&#8221; btn_one_show_hide=&#8221;on&#8221; button_bg_one=&#8221;#FFFFFF&#8221; btn_icon_color=&#8221;#143c50&#8221; _builder_version=&#8221;4.18.0&#8221; _dynamic_attributes=&#8221;button_link&#8221; _module_preset=&#8221;default&#8221; dnxt_btn_text_font=&#8221;Playfair Display|||on|||||&#8221; dnxt_btn_text_text_align=&#8221;center&#8221; animation_style=&#8221;slide&#8221; animation_direction=&#8221;bottom&#8221; animation_intensity_slide=&#8221;10%&#8221; border_radii_dnxt_button_borders=&#8221;on|0px|0px|0px|0px&#8221; border_width_all_dnxt_button_borders=&#8221;1px&#8221; border_color_all_dnxt_button_borders=&#8221;#143c50&#8221; box_shadow_style=&#8221;preset3&#8221; box_shadow_vertical=&#8221;0px&#8221; box_shadow_blur=&#8221;20px&#8221; box_shadow_spread=&#8221;0px&#8221; box_shadow_color=&#8221;rgba(0,0,0,0.1)&#8221; global_colors_info=&#8221;{}&#8221; border_width_all_dnxt_button_borders__hover=&#8221;1px&#8221; border_width_all_dnxt_button_borders__hover_enabled=&#8221;on|hover&#8221; border_color_all_dnxt_button_borders__hover=&#8221;#FFFFFF&#8221; border_color_all_dnxt_button_borders__hover_enabled=&#8221;on|hover&#8221;][\/dnxte_blurb][\/et_pb_column][et_pb_column type=&#8221;1_4&#8221; _builder_version=&#8221;4.16&#8221; _module_preset=&#8221;default&#8221; global_colors_info=&#8221;{}&#8221;][dnxte_blurb dnxt_image=&#8221;https:\/\/ikjb.co.rs\/vp10\/wp-content\/uploads\/2021\/11\/dvosobni.jpg&#8221; dnxt_alt=&#8221;dvosobni&#8221; dnxt_button_margin=&#8221;20px||20px||true|false&#8221; dnxt_btn_show_hide=&#8221;on&#8221; button_text=&#8221;Dvosobni&#8221; button_link=&#8221;@ET-DC@eyJkeW5hbWljIjp0cnVlLCJjb250ZW50IjoicG9zdF9saW5rX3VybF9wYWdlIiwic2V0dGluZ3MiOnsicG9zdF9pZCI6IjI3MCJ9fQ==@&#8221; btn_one_show_hide=&#8221;on&#8221; button_bg_one=&#8221;#FFFFFF&#8221; btn_icon_color=&#8221;#143c50&#8221; _builder_version=&#8221;4.18.0&#8221; _dynamic_attributes=&#8221;button_link&#8221; _module_preset=&#8221;default&#8221; dnxt_btn_text_font=&#8221;Playfair Display|||on|||||&#8221; dnxt_btn_text_text_align=&#8221;center&#8221; animation_style=&#8221;slide&#8221; animation_direction=&#8221;bottom&#8221; animation_delay=&#8221;400ms&#8221; animation_intensity_slide=&#8221;10%&#8221; border_radii_dnxt_button_borders=&#8221;on|0px|0px|0px|0px&#8221; border_width_all_dnxt_button_borders=&#8221;1px&#8221; border_color_all_dnxt_button_borders=&#8221;#143c50&#8221; box_shadow_style=&#8221;preset3&#8221; box_shadow_vertical=&#8221;0px&#8221; box_shadow_blur=&#8221;20px&#8221; box_shadow_spread=&#8221;0px&#8221; box_shadow_color=&#8221;rgba(0,0,0,0.1)&#8221; global_colors_info=&#8221;{}&#8221; border_width_all_dnxt_button_borders__hover_enabled=&#8221;on|hover&#8221; border_width_all_dnxt_button_borders__hover=&#8221;1px&#8221; border_color_all_dnxt_button_borders__hover_enabled=&#8221;on|hover&#8221; border_color_all_dnxt_button_borders__hover=&#8221;#FFFFFF&#8221;][\/dnxte_blurb][\/et_pb_column][et_pb_column type=&#8221;1_4&#8221; _builder_version=&#8221;4.16&#8221; _module_preset=&#8221;default&#8221; global_colors_info=&#8221;{}&#8221;][dnxte_blurb dnxt_image=&#8221;https:\/\/ikjb.co.rs\/vp10\/wp-content\/uploads\/2021\/11\/trosobni.jpg&#8221; dnxt_alt=&#8221;trosobni&#8221; dnxt_button_margin=&#8221;20px||20px||true|false&#8221; dnxt_btn_show_hide=&#8221;on&#8221; button_text=&#8221;Trosobni&#8221; button_link=&#8221;@ET-DC@eyJkeW5hbWljIjp0cnVlLCJjb250ZW50IjoicG9zdF9saW5rX3VybF9wYWdlIiwic2V0dGluZ3MiOnsicG9zdF9pZCI6IjI3MyJ9fQ==@&#8221; btn_one_show_hide=&#8221;on&#8221; button_bg_one=&#8221;#FFFFFF&#8221; btn_icon_color=&#8221;#143c50&#8221; _builder_version=&#8221;4.18.0&#8221; _dynamic_attributes=&#8221;button_link&#8221; _module_preset=&#8221;default&#8221; dnxt_btn_text_font=&#8221;Playfair Display|||on|||||&#8221; dnxt_btn_text_text_align=&#8221;center&#8221; animation_style=&#8221;slide&#8221; animation_direction=&#8221;bottom&#8221; animation_delay=&#8221;800ms&#8221; animation_intensity_slide=&#8221;10%&#8221; border_radii_dnxt_button_borders=&#8221;on|0px|0px|0px|0px&#8221; border_width_all_dnxt_button_borders=&#8221;1px&#8221; border_color_all_dnxt_button_borders=&#8221;#143c50&#8221; box_shadow_style=&#8221;preset3&#8221; box_shadow_vertical=&#8221;0px&#8221; box_shadow_blur=&#8221;20px&#8221; box_shadow_spread=&#8221;0px&#8221; box_shadow_color=&#8221;rgba(0,0,0,0.1)&#8221; locked=&#8221;off&#8221; global_colors_info=&#8221;{}&#8221; border_width_all_dnxt_button_borders__hover=&#8221;1px&#8221; border_width_all_dnxt_button_borders__hover_enabled=&#8221;on|hover&#8221; border_color_all_dnxt_button_borders__hover=&#8221;#FFFFFF&#8221; border_color_all_dnxt_button_borders__hover_enabled=&#8221;on|hover&#8221;][\/dnxte_blurb][\/et_pb_column][et_pb_column type=&#8221;1_4&#8221; _builder_version=&#8221;4.16&#8221; _module_preset=&#8221;default&#8221; global_colors_info=&#8221;{}&#8221;][dnxte_blurb dnxt_image=&#8221;https:\/\/ikjb.co.rs\/vp10\/wp-content\/uploads\/2021\/11\/jednosobni.jpg&#8221; dnxt_alt=&#8221;jednosobni&#8221; dnxt_button_margin=&#8221;20px||20px||true|false&#8221; dnxt_btn_show_hide=&#8221;on&#8221; button_text=&#8221;Petosobni&#8221; button_link=&#8221;@ET-DC@eyJkeW5hbWljIjp0cnVlLCJjb250ZW50IjoicG9zdF9saW5rX3VybF9wYWdlIiwic2V0dGluZ3MiOnsicG9zdF9pZCI6IjE3ODcifX0=@&#8221; btn_one_show_hide=&#8221;on&#8221; button_bg_one=&#8221;#FFFFFF&#8221; btn_icon_color=&#8221;#143c50&#8221; _builder_version=&#8221;4.18.0&#8221; _module_preset=&#8221;default&#8221; dnxt_btn_text_font=&#8221;Playfair Display|||on|||||&#8221; dnxt_btn_text_text_align=&#8221;center&#8221; animation_style=&#8221;slide&#8221; animation_direction=&#8221;bottom&#8221; animation_intensity_slide=&#8221;10%&#8221; hover_enabled=&#8221;0&#8221; border_radii_dnxt_button_borders=&#8221;on|0px|0px|0px|0px&#8221; border_width_all_dnxt_button_borders=&#8221;1px&#8221; border_color_all_dnxt_button_borders=&#8221;#143c50&#8221; box_shadow_style=&#8221;preset3&#8221; box_shadow_vertical=&#8221;0px&#8221; box_shadow_blur=&#8221;20px&#8221; box_shadow_spread=&#8221;0px&#8221; box_shadow_color=&#8221;rgba(0,0,0,0.1)&#8221; locked=&#8221;off&#8221; global_colors_info=&#8221;{}&#8221; border_width_all_dnxt_button_borders__hover=&#8221;1px&#8221; border_width_all_dnxt_button_borders__hover_enabled=&#8221;on|hover&#8221; border_color_all_dnxt_button_borders__hover=&#8221;#FFFFFF&#8221; border_color_all_dnxt_button_borders__hover_enabled=&#8221;on|hover&#8221; _dynamic_attributes=&#8221;button_link&#8221; sticky_enabled=&#8221;0&#8221;][\/dnxte_blurb][\/et_pb_column][\/et_pb_row][\/et_pb_section]<\/p>\n","protected":false},"excerpt":{"rendered":"<p>Vrhunski kvalitet prilago\u0111en va\u0161im potrebama. Pogledajte na\u0161u kompletnu ponudu.Novogradnja u Beogradu uklju\u010duje ponudu jednosobnih, dvosobnih i trosobnih stanova, na jednoj od najlep\u0161ih lokacija koje Lekino brdo nudi izme\u0111u Vra\u010dara i Vo\u017edovca, a na svega nekoliko minuta udaljenosti od Ju\u017enog bulevara. Svaki stan u izgradnji je vrhunskog kvaliteta, a kori\u0161\u0107eni materijali i tehnologije su najvi\u0161eg standarda. [&hellip;]<\/p>\n","protected":false},"author":1,"featured_media":0,"parent":0,"menu_order":0,"comment_status":"closed","ping_status":"closed","template":"","meta":{"_acf_changed":false,"_et_pb_use_builder":"on","_et_pb_old_content":"<!-- wp:divi\/placeholder \/-->","_et_gb_content_width":"","inline_featured_image":false,"footnotes":""},"class_list":["post-46","page","type-page","status-publish","hentry"],"acf":[],"yoast_head":"<!-- This site is optimized with the Yoast SEO plugin v27.2 - https:\/\/yoast.com\/product\/yoast-seo-wordpress\/ -->\n<title>Stanovi - VP10<\/title>\n<meta name=\"robots\" content=\"index, follow, max-snippet:-1, max-image-preview:large, max-video-preview:-1\" \/>\n<link rel=\"canonical\" href=\"https:\/\/ikjb.co.rs\/vp10\/stanovi\/\" \/>\n<meta property=\"og:locale\" content=\"bs_BA\" \/>\n<meta property=\"og:type\" content=\"article\" \/>\n<meta property=\"og:title\" content=\"Stanovi - VP10\" \/>\n<meta property=\"og:description\" content=\"Vrhunski kvalitet prilago\u0111en va\u0161im potrebama. Pogledajte na\u0161u kompletnu ponudu.Novogradnja u Beogradu uklju\u010duje ponudu jednosobnih, dvosobnih i trosobnih stanova, na jednoj od najlep\u0161ih lokacija koje Lekino brdo nudi izme\u0111u Vra\u010dara i Vo\u017edovca, a na svega nekoliko minuta udaljenosti od Ju\u017enog bulevara. Svaki stan u izgradnji je vrhunskog kvaliteta, a kori\u0161\u0107eni materijali i tehnologije su najvi\u0161eg standarda. [&hellip;]\" \/>\n<meta property=\"og:url\" content=\"https:\/\/ikjb.co.rs\/vp10\/stanovi\/\" \/>\n<meta property=\"og:site_name\" content=\"VP10\" \/>\n<meta property=\"article:modified_time\" content=\"2022-09-13T12:17:09+00:00\" \/>\n<meta name=\"twitter:card\" content=\"summary_large_image\" \/>\n<meta name=\"twitter:label1\" content=\"Est. reading time\" \/>\n\t<meta name=\"twitter:data1\" content=\"7 minuta\" \/>\n<script type=\"application\/ld+json\" class=\"yoast-schema-graph\">{\"@context\":\"https:\/\/schema.org\",\"@graph\":[{\"@type\":\"WebPage\",\"@id\":\"https:\/\/ikjb.co.rs\/vp10\/stanovi\/\",\"url\":\"https:\/\/ikjb.co.rs\/vp10\/stanovi\/\",\"name\":\"Stanovi - VP10\",\"isPartOf\":{\"@id\":\"https:\/\/ikjb.co.rs\/vp10\/#website\"},\"datePublished\":\"2021-09-27T08:40:35+00:00\",\"dateModified\":\"2022-09-13T12:17:09+00:00\",\"breadcrumb\":{\"@id\":\"https:\/\/ikjb.co.rs\/vp10\/stanovi\/#breadcrumb\"},\"inLanguage\":\"bs-BA\",\"potentialAction\":[{\"@type\":\"ReadAction\",\"target\":[\"https:\/\/ikjb.co.rs\/vp10\/stanovi\/\"]}]},{\"@type\":\"BreadcrumbList\",\"@id\":\"https:\/\/ikjb.co.rs\/vp10\/stanovi\/#breadcrumb\",\"itemListElement\":[{\"@type\":\"ListItem\",\"position\":1,\"name\":\"Home\",\"item\":\"https:\/\/ikjb.co.rs\/vp10\/\"},{\"@type\":\"ListItem\",\"position\":2,\"name\":\"Stanovi\"}]},{\"@type\":\"WebSite\",\"@id\":\"https:\/\/ikjb.co.rs\/vp10\/#website\",\"url\":\"https:\/\/ikjb.co.rs\/vp10\/\",\"name\":\"VP10\",\"description\":\"Vi\u0161a kota, vi\u0161i nivo\",\"publisher\":{\"@id\":\"https:\/\/ikjb.co.rs\/vp10\/#organization\"},\"potentialAction\":[{\"@type\":\"SearchAction\",\"target\":{\"@type\":\"EntryPoint\",\"urlTemplate\":\"https:\/\/ikjb.co.rs\/vp10\/?s={search_term_string}\"},\"query-input\":{\"@type\":\"PropertyValueSpecification\",\"valueRequired\":true,\"valueName\":\"search_term_string\"}}],\"inLanguage\":\"bs-BA\"},{\"@type\":\"Organization\",\"@id\":\"https:\/\/ikjb.co.rs\/vp10\/#organization\",\"name\":\"IKJB Home\",\"url\":\"https:\/\/ikjb.co.rs\/vp10\/\",\"logo\":{\"@type\":\"ImageObject\",\"inLanguage\":\"bs-BA\",\"@id\":\"https:\/\/ikjb.co.rs\/vp10\/#\/schema\/logo\/image\/\",\"url\":\"https:\/\/ikjb.co.rs\/vp10\/wp-content\/uploads\/2021\/12\/ikjb-logo.svg\",\"contentUrl\":\"https:\/\/ikjb.co.rs\/vp10\/wp-content\/uploads\/2021\/12\/ikjb-logo.svg\",\"width\":\"1024\",\"height\":\"1024\",\"caption\":\"IKJB Home\"},\"image\":{\"@id\":\"https:\/\/ikjb.co.rs\/vp10\/#\/schema\/logo\/image\/\"}}]}<\/script>\n<!-- \/ Yoast SEO plugin. -->","yoast_head_json":{"title":"Stanovi - VP10","robots":{"index":"index","follow":"follow","max-snippet":"max-snippet:-1","max-image-preview":"max-image-preview:large","max-video-preview":"max-video-preview:-1"},"canonical":"https:\/\/ikjb.co.rs\/vp10\/stanovi\/","og_locale":"bs_BA","og_type":"article","og_title":"Stanovi - VP10","og_description":"Vrhunski kvalitet prilago\u0111en va\u0161im potrebama. Pogledajte na\u0161u kompletnu ponudu.Novogradnja u Beogradu uklju\u010duje ponudu jednosobnih, dvosobnih i trosobnih stanova, na jednoj od najlep\u0161ih lokacija koje Lekino brdo nudi izme\u0111u Vra\u010dara i Vo\u017edovca, a na svega nekoliko minuta udaljenosti od Ju\u017enog bulevara. Svaki stan u izgradnji je vrhunskog kvaliteta, a kori\u0161\u0107eni materijali i tehnologije su najvi\u0161eg standarda. [&hellip;]","og_url":"https:\/\/ikjb.co.rs\/vp10\/stanovi\/","og_site_name":"VP10","article_modified_time":"2022-09-13T12:17:09+00:00","twitter_card":"summary_large_image","twitter_misc":{"Est. reading time":"7 minuta"},"schema":{"@context":"https:\/\/schema.org","@graph":[{"@type":"WebPage","@id":"https:\/\/ikjb.co.rs\/vp10\/stanovi\/","url":"https:\/\/ikjb.co.rs\/vp10\/stanovi\/","name":"Stanovi - VP10","isPartOf":{"@id":"https:\/\/ikjb.co.rs\/vp10\/#website"},"datePublished":"2021-09-27T08:40:35+00:00","dateModified":"2022-09-13T12:17:09+00:00","breadcrumb":{"@id":"https:\/\/ikjb.co.rs\/vp10\/stanovi\/#breadcrumb"},"inLanguage":"bs-BA","potentialAction":[{"@type":"ReadAction","target":["https:\/\/ikjb.co.rs\/vp10\/stanovi\/"]}]},{"@type":"BreadcrumbList","@id":"https:\/\/ikjb.co.rs\/vp10\/stanovi\/#breadcrumb","itemListElement":[{"@type":"ListItem","position":1,"name":"Home","item":"https:\/\/ikjb.co.rs\/vp10\/"},{"@type":"ListItem","position":2,"name":"Stanovi"}]},{"@type":"WebSite","@id":"https:\/\/ikjb.co.rs\/vp10\/#website","url":"https:\/\/ikjb.co.rs\/vp10\/","name":"VP10","description":"Vi\u0161a kota, vi\u0161i nivo","publisher":{"@id":"https:\/\/ikjb.co.rs\/vp10\/#organization"},"potentialAction":[{"@type":"SearchAction","target":{"@type":"EntryPoint","urlTemplate":"https:\/\/ikjb.co.rs\/vp10\/?s={search_term_string}"},"query-input":{"@type":"PropertyValueSpecification","valueRequired":true,"valueName":"search_term_string"}}],"inLanguage":"bs-BA"},{"@type":"Organization","@id":"https:\/\/ikjb.co.rs\/vp10\/#organization","name":"IKJB Home","url":"https:\/\/ikjb.co.rs\/vp10\/","logo":{"@type":"ImageObject","inLanguage":"bs-BA","@id":"https:\/\/ikjb.co.rs\/vp10\/#\/schema\/logo\/image\/","url":"https:\/\/ikjb.co.rs\/vp10\/wp-content\/uploads\/2021\/12\/ikjb-logo.svg","contentUrl":"https:\/\/ikjb.co.rs\/vp10\/wp-content\/uploads\/2021\/12\/ikjb-logo.svg","width":"1024","height":"1024","caption":"IKJB Home"},"image":{"@id":"https:\/\/ikjb.co.rs\/vp10\/#\/schema\/logo\/image\/"}}]}},"_links":{"self":[{"href":"https:\/\/ikjb.co.rs\/vp10\/wp-json\/wp\/v2\/pages\/46","targetHints":{"allow":["GET"]}}],"collection":[{"href":"https:\/\/ikjb.co.rs\/vp10\/wp-json\/wp\/v2\/pages"}],"about":[{"href":"https:\/\/ikjb.co.rs\/vp10\/wp-json\/wp\/v2\/types\/page"}],"author":[{"embeddable":true,"href":"https:\/\/ikjb.co.rs\/vp10\/wp-json\/wp\/v2\/users\/1"}],"replies":[{"embeddable":true,"href":"https:\/\/ikjb.co.rs\/vp10\/wp-json\/wp\/v2\/comments?post=46"}],"version-history":[{"count":30,"href":"https:\/\/ikjb.co.rs\/vp10\/wp-json\/wp\/v2\/pages\/46\/revisions"}],"predecessor-version":[{"id":1802,"href":"https:\/\/ikjb.co.rs\/vp10\/wp-json\/wp\/v2\/pages\/46\/revisions\/1802"}],"wp:attachment":[{"href":"https:\/\/ikjb.co.rs\/vp10\/wp-json\/wp\/v2\/media?parent=46"}],"curies":[{"name":"wp","href":"https:\/\/api.w.org\/{rel}","templated":true}]}}