{"id":48,"date":"2021-09-27T08:40:58","date_gmt":"2021-09-27T08:40:58","guid":{"rendered":"https:\/\/ikjb.co.rs\/vp10\/?page_id=48"},"modified":"2021-12-29T12:14:51","modified_gmt":"2021-12-29T12:14:51","slug":"garaza","status":"publish","type":"page","link":"https:\/\/ikjb.co.rs\/vp10\/garaza\/","title":{"rendered":"Gara\u017ea"},"content":{"rendered":"<p>[et_pb_section fb_built=&#8221;1&#8221; fullwidth=&#8221;on&#8221; next_background_color=&#8221;#ffffff&#8221; _builder_version=&#8221;4.14.1&#8221; _module_preset=&#8221;default&#8221; use_background_color_gradient=&#8221;on&#8221; background_color_gradient_start=&#8221;#ffffff&#8221; background_color_gradient_end=&#8221;rgba(255,255,255,0.35)&#8221; background_color_gradient_direction=&#8221;150deg&#8221; background_color_gradient_end_position=&#8221;70%&#8221; background_color_gradient_overlays_image=&#8221;on&#8221; background_image=&#8221;https:\/\/ikjb.co.rs\/vp10\/wp-content\/uploads\/2021\/11\/garaza-header.jpg&#8221; custom_padding=&#8221;5vh||50px||false|false&#8221; bottom_divider_style=&#8221;asymmetric3&#8221; bottom_divider_flip=&#8221;horizontal&#8221; da_disable_devices=&#8221;off|off|off&#8221; locked=&#8221;off&#8221; global_colors_info=&#8221;{}&#8221; da_is_popup=&#8221;off&#8221; da_exit_intent=&#8221;off&#8221; da_has_close=&#8221;on&#8221; da_alt_close=&#8221;off&#8221; da_dark_close=&#8221;off&#8221; da_not_modal=&#8221;on&#8221; da_is_singular=&#8221;off&#8221; da_with_loader=&#8221;off&#8221; da_has_shadow=&#8221;on&#8221;][et_pb_fullwidth_header title=&#8221;Gara\u017ea&#8221; content_max_width_tablet=&#8221;60%&#8221; content_max_width_phone=&#8221;100%&#8221; content_max_width_last_edited=&#8221;on|phone&#8221; _builder_version=&#8221;4.14.1&#8221; _module_preset=&#8221;default&#8221; title_font=&#8221;|700|||||||&#8221; title_text_align=&#8221;left&#8221; title_text_color=&#8221;#143c50&#8221; title_font_size=&#8221;64px&#8221; content_font=&#8221;Playfair Display||||||||&#8221; content_text_align=&#8221;left&#8221; content_text_color=&#8221;#143c50&#8221; content_font_size=&#8221;36px&#8221; content_line_height=&#8221;1.4em&#8221; background_enable_color=&#8221;off&#8221; background_image=&#8221;https:\/\/ikjb.co.rs\/vp10\/wp-content\/uploads\/2021\/09\/stanovi-divider.png&#8221; background_size=&#8221;contain&#8221; background_position=&#8221;bottom_center&#8221; custom_button_one=&#8221;on&#8221; button_one_text_size=&#8221;22px&#8221; button_one_text_color=&#8221;#143c50&#8221; button_one_bg_color=&#8221;rgba(255,255,255,0)&#8221; button_one_border_width=&#8221;1px&#8221; button_one_border_color=&#8221;#143c50&#8221; button_one_border_radius=&#8221;0px&#8221; button_one_font=&#8221;Playfair Display|700||on|||||&#8221; z_index=&#8221;999&#8221; custom_padding=&#8221;||12vh||false|false&#8221; title_font_size_tablet=&#8221;52px&#8221; title_font_size_phone=&#8221;32px&#8221; title_font_size_last_edited=&#8221;on|phone&#8221; content_font_size_tablet=&#8221;28px&#8221; content_font_size_phone=&#8221;22px&#8221; content_font_size_last_edited=&#8221;on|phone&#8221; button_one_text_size_tablet=&#8221;&#8221; button_one_text_size_phone=&#8221;18px&#8221; button_one_text_size_last_edited=&#8221;on|phone&#8221; global_colors_info=&#8221;{}&#8221;]<\/p>\n<p>Mi brinemo za sigurnost va\u0161ih automobila.\u00a0<\/p>\n<p>[\/et_pb_fullwidth_header][\/et_pb_section][et_pb_section fb_built=&#8221;1&#8221; _builder_version=&#8221;4.10.8&#8221; _module_preset=&#8221;default&#8221; da_disable_devices=&#8221;off|off|off&#8221; global_colors_info=&#8221;{}&#8221; da_is_popup=&#8221;off&#8221; da_exit_intent=&#8221;off&#8221; da_has_close=&#8221;on&#8221; da_alt_close=&#8221;off&#8221; da_dark_close=&#8221;off&#8221; da_not_modal=&#8221;on&#8221; da_is_singular=&#8221;off&#8221; da_with_loader=&#8221;off&#8221; da_has_shadow=&#8221;on&#8221;][et_pb_row _builder_version=&#8221;4.14.1&#8221; _module_preset=&#8221;default&#8221; locked=&#8221;off&#8221; global_colors_info=&#8221;{}&#8221;][et_pb_column type=&#8221;4_4&#8221; _builder_version=&#8221;4.10.8&#8221; _module_preset=&#8221;default&#8221; global_colors_info=&#8221;{}&#8221;][et_pb_text _builder_version=&#8221;4.14.1&#8221; _module_preset=&#8221;default&#8221; header_2_font=&#8221;|600|||||||&#8221; header_2_font_size=&#8221;36px&#8221; custom_margin=&#8221;||15px||false|false&#8221; locked=&#8221;off&#8221; global_colors_info=&#8221;{}&#8221;]<\/p>\n<h2 style=\"text-align: center;\">38 gara\u017enih mesta<\/h2>\n<p>[\/et_pb_text][et_pb_divider divider_weight=&#8221;2px&#8221; _builder_version=&#8221;4.14.1&#8221; _module_preset=&#8221;default&#8221; max_width=&#8221;200px&#8221; module_alignment=&#8221;center&#8221; custom_margin=&#8221;||0px||false|false&#8221; locked=&#8221;off&#8221; global_colors_info=&#8221;{}&#8221;][\/et_pb_divider][et_pb_text _builder_version=&#8221;4.14.4&#8221; _module_preset=&#8221;default&#8221; text_font=&#8221;Metro-book||||||||&#8221; text_font_size=&#8221;18px&#8221; width_tablet=&#8221;100%&#8221; width_phone=&#8221;100%&#8221; width_last_edited=&#8221;on|tablet&#8221; locked=&#8221;off&#8221; global_colors_info=&#8221;{}&#8221;]<\/p>\n<p style=\"text-align: center;\">Gara\u017ea VP10 objekta sa\u010dinjena je od 38 gara\u017enih mesta, od kojih se 28 nalaze na nivou -2, a 10 na nivou -1. Prilaz na oba nivoa omogu\u0107en je putem grejane rampe \u0161irine dovoljne za prolaz dva vozila istovremeno. Gara\u017ena mesta su komforno projektovana, bez klackalica.<\/p>\n<p>[\/et_pb_text][\/et_pb_column][\/et_pb_row][et_pb_row column_structure=&#8221;2_5,3_5&#8221; use_custom_gutter=&#8221;on&#8221; make_equal=&#8221;on&#8221; custom_padding_last_edited=&#8221;on|phone&#8221; _builder_version=&#8221;4.14.2&#8221; _module_preset=&#8221;default&#8221; width=&#8221;100%&#8221; max_width=&#8221;2560px&#8221; custom_padding_tablet=&#8221;&#8221; custom_padding_phone=&#8221;|0px||0px|false|true&#8221; locked=&#8221;off&#8221; global_colors_info=&#8221;{}&#8221;][et_pb_column type=&#8221;2_5&#8221; _builder_version=&#8221;4.14.2&#8221; _module_preset=&#8221;default&#8221; custom_padding_tablet=&#8221;&#8221; custom_padding_phone=&#8221;&#8221; custom_padding_last_edited=&#8221;on|phone&#8221; custom_css_main_element=&#8221;display: flex;||flex-direction: column;||justify-content: center;&#8221; global_colors_info=&#8221;{}&#8221;][dnxte_3dcubeslider_parent dnxte_cubeslider_autoplay_delay=&#8221;2500&#8221; dnxte_cubeslider_loop=&#8221;on&#8221; dnxte_cubeslider_pagination_type=&#8221;none&#8221; _builder_version=&#8221;4.14.4&#8221; _module_preset=&#8221;default&#8221; locked=&#8221;off&#8221; global_colors_info=&#8221;{}&#8221;][dnxte_3dcubeslider_child cubeslider_image=&#8221;https:\/\/ikjb.co.rs\/vp10\/wp-content\/uploads\/2021\/12\/garaza-slide-01.jpg&#8221; _builder_version=&#8221;4.14.4&#8221; _module_preset=&#8221;default&#8221; global_colors_info=&#8221;{}&#8221;][\/dnxte_3dcubeslider_child][dnxte_3dcubeslider_child cubeslider_image=&#8221;https:\/\/ikjb.co.rs\/vp10\/wp-content\/uploads\/2021\/12\/garaza-slide-02.jpg&#8221; _builder_version=&#8221;4.14.4&#8221; _module_preset=&#8221;default&#8221; global_colors_info=&#8221;{}&#8221;][\/dnxte_3dcubeslider_child][\/dnxte_3dcubeslider_parent][\/et_pb_column][et_pb_column type=&#8221;3_5&#8221; _builder_version=&#8221;4.14.2&#8221; _module_preset=&#8221;default&#8221; custom_padding=&#8221;|10%|||false|false&#8221; custom_padding_tablet=&#8221;|10%|||false|false&#8221; custom_padding_phone=&#8221;|5%||5%|false|true&#8221; custom_padding_last_edited=&#8221;on|phone&#8221; custom_css_main_element=&#8221;display: flex;||flex-direction: column;||justify-content: center;&#8221; global_colors_info=&#8221;{}&#8221;][dnxte_blurb blurb_heading=&#8221;Video nadzor&#8221; blurb_description=&#8221;<\/p>\n<p>Sva gara\u017ena mesta pokrivena su video nadzorom koji garantuje sigurnost va\u0161ih vozila i stvari.<\/p>\n<p>&#8221; dnxt_image=&#8221;https:\/\/ikjb.co.rs\/vp10\/wp-content\/uploads\/2021\/10\/video-icon.png&#8221; image_placement=&#8221;left-center&#8221; dnxt_image_max_width=&#8221;105px&#8221; dnxt_img_margin=&#8221;|20px||0px|false|false&#8221; _builder_version=&#8221;4.14.1&#8221; _module_preset=&#8221;default&#8221; dnxt_body_font_size=&#8221;18px&#8221; module_alignment=&#8221;left&#8221; custom_margin=&#8221;||20px||false|false&#8221; custom_css_heading_wrapper=&#8221;border-bottom: 2px solid #D7B241;||padding-bottom: 20px;||margin-bottom: 15px;||display: inline-block;&#8221; global_colors_info=&#8221;{}&#8221;][\/dnxte_blurb][\/et_pb_column][\/et_pb_row][\/et_pb_section]<\/p>\n","protected":false},"excerpt":{"rendered":"<p>Mi brinemo za sigurnost va\u0161ih automobila.\u00a038 gara\u017enih mestaGara\u017ea VP10 objekta sa\u010dinjena je od 38 gara\u017enih mesta, od kojih se 28 nalaze na nivou -2, a 10 na nivou -1. Prilaz na oba nivoa omogu\u0107en je putem grejane rampe \u0161irine dovoljne za prolaz dva vozila istovremeno. Gara\u017ena mesta su komforno projektovana, bez klackalica.<div class=\"et_pb_module dnxte_3dcubeslider_parent dnxte_3dcubeslider_parent_0\">\n\t\t\t\t\n\t\t\t\t\n\t\t\t\t\n\t\t\t\t\n\t\t\t\t\n\t\t\t\t\n\t\t\t\t<div class=\"et_pb_module_inner\">\n\t\t\t\t\t<div class=\"et_pb_module dnxte_3dcubeslider_parent dnxte_3dcubeslider_parent_0\">\n\t\t\t\t\n\t\t\t\t\n\t\t\t\t\n\t\t\t\t\n\t\t\t\t\n\t\t\t\t\n\t\t\t\t<div class=\"et_pb_module_inner\">\n\t\t\t\t\t<div class=\"swiper-container dnxte-3dcubeslider-active swiper-container-initialized swiper-container-horizontal\" data-autoplay=\"1\" data-delay=\"&#8221;2500&#8221;\" data-direction=\"horizontal\" data-speed=\"400\" data-loop=\"&#8221;on&#8221;\" data-pagination-type=\"&#8221;none&#8221;\" data-pagination-bullets=\"off\" data-grab=\"off\" data-pauseonhover=\"\" data-slideshadows=\"\" data-shadow=\"\" data-shadowoffset=\"20\" data-shadowscale=\"0\" data-keyboardenable=\"on\" data-mouse=\"on\">\n                <div class=\"swiper-wrapper\">\n                    \n                <\/div>\n                <div class=\"\"><\/div>\n            <\/div>\n            \n\t\t\t\t<\/div>\n\t\t\t<\/div>\n\t\t\t\t<\/div>\n\t\t\t<\/div><\/p>\n","protected":false},"author":1,"featured_media":0,"parent":0,"menu_order":0,"comment_status":"closed","ping_status":"closed","template":"","meta":{"_acf_changed":false,"_et_pb_use_builder":"on","_et_pb_old_content":"","_et_gb_content_width":"","inline_featured_image":false,"footnotes":""},"class_list":["post-48","page","type-page","status-publish","hentry"],"acf":[],"yoast_head":"<!-- This site is optimized with the Yoast SEO plugin v27.2 - https:\/\/yoast.com\/product\/yoast-seo-wordpress\/ -->\n<title>Gara\u017ea - VP10<\/title>\n<meta name=\"robots\" content=\"index, follow, max-snippet:-1, max-image-preview:large, max-video-preview:-1\" \/>\n<link rel=\"canonical\" href=\"https:\/\/ikjb.co.rs\/vp10\/garaza\/\" \/>\n<meta property=\"og:locale\" content=\"bs_BA\" \/>\n<meta property=\"og:type\" content=\"article\" \/>\n<meta property=\"og:title\" content=\"Gara\u017ea - VP10\" \/>\n<meta property=\"og:description\" content=\"Mi brinemo za sigurnost va\u0161ih automobila.\u00a038 gara\u017enih mestaGara\u017ea VP10 objekta sa\u010dinjena je od 38 gara\u017enih mesta, od kojih se 28 nalaze na nivou -2, a 10 na nivou -1. Prilaz na oba nivoa omogu\u0107en je putem grejane rampe \u0161irine dovoljne za prolaz dva vozila istovremeno. Gara\u017ena mesta su komforno projektovana, bez klackalica.\" \/>\n<meta property=\"og:url\" content=\"https:\/\/ikjb.co.rs\/vp10\/garaza\/\" \/>\n<meta property=\"og:site_name\" content=\"VP10\" \/>\n<meta property=\"article:modified_time\" content=\"2021-12-29T12:14:51+00:00\" \/>\n<meta name=\"twitter:card\" content=\"summary_large_image\" \/>\n<meta name=\"twitter:label1\" content=\"Est. reading time\" \/>\n\t<meta name=\"twitter:data1\" content=\"4 minute\" \/>\n<script type=\"application\/ld+json\" class=\"yoast-schema-graph\">{\"@context\":\"https:\/\/schema.org\",\"@graph\":[{\"@type\":\"WebPage\",\"@id\":\"https:\/\/ikjb.co.rs\/vp10\/garaza\/\",\"url\":\"https:\/\/ikjb.co.rs\/vp10\/garaza\/\",\"name\":\"Gara\u017ea - VP10\",\"isPartOf\":{\"@id\":\"https:\/\/ikjb.co.rs\/vp10\/#website\"},\"datePublished\":\"2021-09-27T08:40:58+00:00\",\"dateModified\":\"2021-12-29T12:14:51+00:00\",\"breadcrumb\":{\"@id\":\"https:\/\/ikjb.co.rs\/vp10\/garaza\/#breadcrumb\"},\"inLanguage\":\"bs-BA\",\"potentialAction\":[{\"@type\":\"ReadAction\",\"target\":[\"https:\/\/ikjb.co.rs\/vp10\/garaza\/\"]}]},{\"@type\":\"BreadcrumbList\",\"@id\":\"https:\/\/ikjb.co.rs\/vp10\/garaza\/#breadcrumb\",\"itemListElement\":[{\"@type\":\"ListItem\",\"position\":1,\"name\":\"Home\",\"item\":\"https:\/\/ikjb.co.rs\/vp10\/\"},{\"@type\":\"ListItem\",\"position\":2,\"name\":\"Gara\u017ea\"}]},{\"@type\":\"WebSite\",\"@id\":\"https:\/\/ikjb.co.rs\/vp10\/#website\",\"url\":\"https:\/\/ikjb.co.rs\/vp10\/\",\"name\":\"VP10\",\"description\":\"Vi\u0161a kota, vi\u0161i nivo\",\"publisher\":{\"@id\":\"https:\/\/ikjb.co.rs\/vp10\/#organization\"},\"potentialAction\":[{\"@type\":\"SearchAction\",\"target\":{\"@type\":\"EntryPoint\",\"urlTemplate\":\"https:\/\/ikjb.co.rs\/vp10\/?s={search_term_string}\"},\"query-input\":{\"@type\":\"PropertyValueSpecification\",\"valueRequired\":true,\"valueName\":\"search_term_string\"}}],\"inLanguage\":\"bs-BA\"},{\"@type\":\"Organization\",\"@id\":\"https:\/\/ikjb.co.rs\/vp10\/#organization\",\"name\":\"IKJB Home\",\"url\":\"https:\/\/ikjb.co.rs\/vp10\/\",\"logo\":{\"@type\":\"ImageObject\",\"inLanguage\":\"bs-BA\",\"@id\":\"https:\/\/ikjb.co.rs\/vp10\/#\/schema\/logo\/image\/\",\"url\":\"https:\/\/ikjb.co.rs\/vp10\/wp-content\/uploads\/2021\/12\/ikjb-logo.svg\",\"contentUrl\":\"https:\/\/ikjb.co.rs\/vp10\/wp-content\/uploads\/2021\/12\/ikjb-logo.svg\",\"width\":\"1024\",\"height\":\"1024\",\"caption\":\"IKJB Home\"},\"image\":{\"@id\":\"https:\/\/ikjb.co.rs\/vp10\/#\/schema\/logo\/image\/\"}}]}<\/script>\n<!-- \/ Yoast SEO plugin. -->","yoast_head_json":{"title":"Gara\u017ea - VP10","robots":{"index":"index","follow":"follow","max-snippet":"max-snippet:-1","max-image-preview":"max-image-preview:large","max-video-preview":"max-video-preview:-1"},"canonical":"https:\/\/ikjb.co.rs\/vp10\/garaza\/","og_locale":"bs_BA","og_type":"article","og_title":"Gara\u017ea - VP10","og_description":"Mi brinemo za sigurnost va\u0161ih automobila.\u00a038 gara\u017enih mestaGara\u017ea VP10 objekta sa\u010dinjena je od 38 gara\u017enih mesta, od kojih se 28 nalaze na nivou -2, a 10 na nivou -1. Prilaz na oba nivoa omogu\u0107en je putem grejane rampe \u0161irine dovoljne za prolaz dva vozila istovremeno. Gara\u017ena mesta su komforno projektovana, bez klackalica.","og_url":"https:\/\/ikjb.co.rs\/vp10\/garaza\/","og_site_name":"VP10","article_modified_time":"2021-12-29T12:14:51+00:00","twitter_card":"summary_large_image","twitter_misc":{"Est. reading time":"4 minute"},"schema":{"@context":"https:\/\/schema.org","@graph":[{"@type":"WebPage","@id":"https:\/\/ikjb.co.rs\/vp10\/garaza\/","url":"https:\/\/ikjb.co.rs\/vp10\/garaza\/","name":"Gara\u017ea - VP10","isPartOf":{"@id":"https:\/\/ikjb.co.rs\/vp10\/#website"},"datePublished":"2021-09-27T08:40:58+00:00","dateModified":"2021-12-29T12:14:51+00:00","breadcrumb":{"@id":"https:\/\/ikjb.co.rs\/vp10\/garaza\/#breadcrumb"},"inLanguage":"bs-BA","potentialAction":[{"@type":"ReadAction","target":["https:\/\/ikjb.co.rs\/vp10\/garaza\/"]}]},{"@type":"BreadcrumbList","@id":"https:\/\/ikjb.co.rs\/vp10\/garaza\/#breadcrumb","itemListElement":[{"@type":"ListItem","position":1,"name":"Home","item":"https:\/\/ikjb.co.rs\/vp10\/"},{"@type":"ListItem","position":2,"name":"Gara\u017ea"}]},{"@type":"WebSite","@id":"https:\/\/ikjb.co.rs\/vp10\/#website","url":"https:\/\/ikjb.co.rs\/vp10\/","name":"VP10","description":"Vi\u0161a kota, vi\u0161i nivo","publisher":{"@id":"https:\/\/ikjb.co.rs\/vp10\/#organization"},"potentialAction":[{"@type":"SearchAction","target":{"@type":"EntryPoint","urlTemplate":"https:\/\/ikjb.co.rs\/vp10\/?s={search_term_string}"},"query-input":{"@type":"PropertyValueSpecification","valueRequired":true,"valueName":"search_term_string"}}],"inLanguage":"bs-BA"},{"@type":"Organization","@id":"https:\/\/ikjb.co.rs\/vp10\/#organization","name":"IKJB Home","url":"https:\/\/ikjb.co.rs\/vp10\/","logo":{"@type":"ImageObject","inLanguage":"bs-BA","@id":"https:\/\/ikjb.co.rs\/vp10\/#\/schema\/logo\/image\/","url":"https:\/\/ikjb.co.rs\/vp10\/wp-content\/uploads\/2021\/12\/ikjb-logo.svg","contentUrl":"https:\/\/ikjb.co.rs\/vp10\/wp-content\/uploads\/2021\/12\/ikjb-logo.svg","width":"1024","height":"1024","caption":"IKJB Home"},"image":{"@id":"https:\/\/ikjb.co.rs\/vp10\/#\/schema\/logo\/image\/"}}]}},"_links":{"self":[{"href":"https:\/\/ikjb.co.rs\/vp10\/wp-json\/wp\/v2\/pages\/48","targetHints":{"allow":["GET"]}}],"collection":[{"href":"https:\/\/ikjb.co.rs\/vp10\/wp-json\/wp\/v2\/pages"}],"about":[{"href":"https:\/\/ikjb.co.rs\/vp10\/wp-json\/wp\/v2\/types\/page"}],"author":[{"embeddable":true,"href":"https:\/\/ikjb.co.rs\/vp10\/wp-json\/wp\/v2\/users\/1"}],"replies":[{"embeddable":true,"href":"https:\/\/ikjb.co.rs\/vp10\/wp-json\/wp\/v2\/comments?post=48"}],"version-history":[{"count":32,"href":"https:\/\/ikjb.co.rs\/vp10\/wp-json\/wp\/v2\/pages\/48\/revisions"}],"predecessor-version":[{"id":1388,"href":"https:\/\/ikjb.co.rs\/vp10\/wp-json\/wp\/v2\/pages\/48\/revisions\/1388"}],"wp:attachment":[{"href":"https:\/\/ikjb.co.rs\/vp10\/wp-json\/wp\/v2\/media?parent=48"}],"curies":[{"name":"wp","href":"https:\/\/api.w.org\/{rel}","templated":true}]}}